{"id":30876,"date":"2026-02-05T13:14:33","date_gmt":"2026-02-05T12:14:33","guid":{"rendered":"https:\/\/bartech.iftest.pl\/?page_id=30876"},"modified":"2026-02-13T11:27:16","modified_gmt":"2026-02-13T10:27:16","slug":"regulamin","status":"publish","type":"page","link":"https:\/\/bartech.iftest.pl\/index.php\/regulamin\/","title":{"rendered":"Regulamin"},"content":{"rendered":"\t\t<div data-elementor-type=\"wp-page\" data-elementor-id=\"30876\" class=\"elementor elementor-30876\">\n\t\t\t\t<div class=\"wd-negative-gap elementor-element elementor-element-74a1c6c3 e-flex e-con-boxed e-con e-parent\" data-id=\"74a1c6c3\" data-element_type=\"container\" data-e-type=\"container\">\n\t\t\t\t\t<div class=\"e-con-inner\">\n\t\t\t\t<div class=\"elementor-element elementor-element-774caba2 color-scheme-inherit text-left elementor-widget elementor-widget-text-editor\" data-id=\"774caba2\" data-element_type=\"widget\" data-e-type=\"widget\" data-widget_type=\"text-editor.default\">\n\t\t\t\t\t\t\t\t\t<h1><b>Regulamin sklepu internetowego Bar-Tech<\/b><\/h1>\n<h2><b>\u00a71. Informacje og\u00f3lne<\/b><\/h2>\n<ol>\n \t<li style=\"font-weight: 400;\" aria-level=\"1\"><span style=\"font-weight: 400;\">Sklep internetowy dzia\u0142aj\u0105cy pod adresem [tu wstaw adres sklepu] prowadzony jest przez:<\/span><span style=\"font-weight: 400;\">\n<\/span><b>Bar-Tech Ewa Weinert-Jeli\u0144ska<\/b><b>\n<\/b><span style=\"font-weight: 400;\">ul. \u017beglarska 25, 62-080 Lus\u00f3wko<\/span><span style=\"font-weight: 400;\">\n<\/span><span style=\"font-weight: 400;\">NIP: 7792017846<\/span><span style=\"font-weight: 400;\">\n<\/span><span style=\"font-weight: 400;\">e-mail: biuro@bartech-serwis.com<\/span><span style=\"font-weight: 400;\">\n<\/span><span style=\"font-weight: 400;\">tel.: +48 606 14 88 64<\/span><\/li>\n \t<li style=\"font-weight: 400;\" aria-level=\"1\"><span style=\"font-weight: 400;\">Regulamin okre\u015bla zasady korzystania ze sklepu internetowego, sk\u0142adania zam\u00f3wie\u0144, realizacji dostaw oraz przetwarzania danych osobowych.<\/span><\/li>\n \t<li style=\"font-weight: 400;\" aria-level=\"1\"><span style=\"font-weight: 400;\">Sklep prowadzi sprzeda\u017c wy\u0142\u0105cznie dla przedsi\u0119biorc\u00f3w (B2B).<\/span><\/li>\n<\/ol>\n<h2><b>\u00a72. Sk\u0142adanie zam\u00f3wie\u0144<\/b><\/h2>\n<ol>\n \t<li style=\"font-weight: 400;\" aria-level=\"1\"><span style=\"font-weight: 400;\">Zam\u00f3wienia mo\u017cna sk\u0142ada\u0107 za po\u015brednictwem strony internetowej sklepu.<\/span><\/li>\n \t<li style=\"font-weight: 400;\" aria-level=\"1\"><span style=\"font-weight: 400;\">Klient zobowi\u0105zany jest do podania prawdziwych i kompletnych danych niezb\u0119dnych do realizacji zam\u00f3wienia.<\/span><\/li>\n \t<li style=\"font-weight: 400;\" aria-level=\"1\"><span style=\"font-weight: 400;\">Z\u0142o\u017cenie zam\u00f3wienia jest r\u00f3wnoznaczne z akceptacj\u0105 niniejszego regulaminu.<\/span><\/li>\n<\/ol>\n<h2><b>\u00a73. Ceny i p\u0142atno\u015bci<\/b><\/h2>\n<ol>\n \t<li style=\"font-weight: 400;\" aria-level=\"1\"><span style=\"font-weight: 400;\">Ceny prezentowane w sklepie s\u0105 wyra\u017cone w z\u0142otych polskich (PLN) i mog\u0105 by\u0107 cenami netto lub brutto \u2014 zgodnie z oznaczeniem.<\/span><\/li>\n \t<li style=\"font-weight: 400;\" aria-level=\"1\"><span style=\"font-weight: 400;\">Dost\u0119pne formy p\u0142atno\u015bci:<\/span>\n<ul>\n \t<li style=\"font-weight: 400;\" aria-level=\"2\"><span style=\"font-weight: 400;\">przelew tradycyjny a na rachunek 64 1140 2004 0000 3402 3027 4299,<\/span><\/li>\n \t<li style=\"font-weight: 400;\" aria-level=\"2\"><span style=\"font-weight: 400;\">szybkie p\u0142atno\u015bci online Przelewy24.<\/span><\/li>\n<\/ul>\n<\/li>\n \t<li style=\"font-weight: 400;\" aria-level=\"1\"><span style=\"font-weight: 400;\">Zam\u00f3wienie zostaje przekazane do realizacji po zaksi\u0119gowaniu wp\u0142aty lub otrzymaniu potwierdzenia przelewu.<\/span><\/li>\n<\/ol>\n<h2><b>\u00a74. Dostawa<\/b><\/h2>\n<ol>\n \t<li style=\"font-weight: 400;\" aria-level=\"1\"><span style=\"font-weight: 400;\">Dostawa realizowana jest za po\u015brednictwem firm kurierskich.<\/span><\/li>\n<\/ol>\n<span style=\"font-weight: 400;\">DHL<\/span><span style=\"font-weight: 400;\">\n<\/span><span style=\"font-weight: 400;\">SUUS<\/span>\n<ol>\n \t<li style=\"font-weight: 400;\" aria-level=\"1\"><span style=\"font-weight: 400;\">Koszty i termin dostawy s\u0105 podawane podczas sk\u0142adania zam\u00f3wienia.<\/span><\/li>\n \t<li style=\"font-weight: 400;\" aria-level=\"1\"><span style=\"font-weight: 400;\">Standardowy czas dostawy wynosi od 1 do 5 dni roboczych.<\/span><\/li>\n<\/ol>\n<h2><b>\u00a75. Odpowiedzialno\u015b\u0107<\/b><\/h2>\n<ol>\n \t<li style=\"font-weight: 400;\" aria-level=\"1\"><span style=\"font-weight: 400;\">Sprzedawca nie ponosi odpowiedzialno\u015bci za:<\/span>\n<ul>\n \t<li style=\"font-weight: 400;\" aria-level=\"2\"><span style=\"font-weight: 400;\">b\u0142\u0119dne dane podane przez klienta,<\/span><\/li>\n \t<li style=\"font-weight: 400;\" aria-level=\"2\"><span style=\"font-weight: 400;\">op\u00f3\u017anienia wynikaj\u0105ce z dzia\u0142ania firm zewn\u0119trznych (kurier\u00f3w, operator\u00f3w p\u0142atno\u015bci),<\/span><\/li>\n \t<li style=\"font-weight: 400;\" aria-level=\"2\"><span style=\"font-weight: 400;\">szkody powsta\u0142e w wyniku niew\u0142a\u015bciwego u\u017cytkowania produkt\u00f3w.<\/span><\/li>\n<\/ul>\n<\/li>\n \t<li style=\"font-weight: 400;\" aria-level=\"1\"><span style=\"font-weight: 400;\">Sprzedawca odpowiada wy\u0142\u0105cznie za rzeczywi\u015bcie poniesione szkody, nie obejmuj\u0105ce utraconych korzy\u015bci.<\/span><\/li>\n \t<li style=\"font-weight: 400;\" aria-level=\"1\"><span style=\"font-weight: 400;\">Gwarancje lub r\u0119kojmie udzielane s\u0105 jedynie w przypadku wyra\u017anego oznaczenia przy konkretnym produkcie.<\/span><\/li>\n<\/ol>\n<h1><\/h1>\n<h2><b>\u00a7<\/b><b>6. Reklamacje z tytu\u0142u r\u0119kojmi<\/b><\/h2>\n<ol>\n \t<li style=\"font-weight: 400;\" aria-level=\"1\"><span style=\"font-weight: 400;\">Zgodnie z \u00a75 ust. 3 niniejszego regulaminu, odpowiedzialno\u015b\u0107 Sprzedawcy z tytu\u0142u r\u0119kojmi za wady fizyczne i prawne towar\u00f3w jest wy\u0142\u0105czona, chyba \u017ce przy opisie danego produktu wyra\u017anie wskazano inaczej i udzielono gwarancji lub r\u0119kojmi na okre\u015blonych warunkach.<\/span><\/li>\n \t<li style=\"font-weight: 400;\" aria-level=\"1\"><span style=\"font-weight: 400;\">W przypadku, gdy towar obj\u0119ty jest gwarancj\u0105 producenta lub Sprzedawcy, Klient jest uprawniony do zg\u0142oszenia roszczenia zgodnie z warunkami okre\u015blonymi w dokumencie gwarancyjnym.<\/span><\/li>\n \t<li style=\"font-weight: 400;\" aria-level=\"1\"><span style=\"font-weight: 400;\">Je\u017celi pomimo wy\u0142\u0105czenia r\u0119kojmi Klient stwierdzi wad\u0119 produktu i zdecyduje si\u0119 na zg\u0142oszenie reklamacyjne, procedura wygl\u0105da nast\u0119puj\u0105co: a. Zg\u0142oszenie reklamacyjne nale\u017cy sk\u0142ada\u0107 w formie pisemnej na adres siedziby Sprzedawcy lub elektronicznej na adres e-mail: <\/span><b>biuro@bartech-serwis.com<\/b><span style=\"font-weight: 400;\">. b. W zg\u0142oszeniu nale\u017cy poda\u0107: nazw\u0119 firmy Klienta, numer zam\u00f3wienia, nazw\u0119 reklamowanego produktu oraz szczeg\u00f3\u0142owy opis stwierdzonej wady. W miar\u0119 mo\u017cliwo\u015bci prosimy o za\u0142\u0105czenie dokumentacji fotograficznej wady. c. Sprzedawca rozpatrzy zg\u0142oszenie w terminie <\/span><b>14 dni roboczych<\/b><span style=\"font-weight: 400;\"> od dnia jego otrzymania.<\/span><\/li>\n \t<li style=\"font-weight: 400;\" aria-level=\"1\"><span style=\"font-weight: 400;\">Wszelkie przesy\u0142ki reklamowanych towar\u00f3w do siedziby Sprzedawcy musz\u0105 by\u0107 wcze\u015bniej uzgodnione. Przesy\u0142ki wys\u0142ane bez uprzedniego uzgodnienia lub na koszt Sprzedawcy nie b\u0119d\u0105 przyjmowane.<\/span><\/li>\n \t<li style=\"font-weight: 400;\" aria-level=\"1\"><span style=\"font-weight: 400;\">W przypadku pozytywnego rozpatrzenia reklamacji, Sprzedawca, wed\u0142ug w\u0142asnego uznania, naprawi wadliwy produkt, wymieni go na nowy, wolny od wad, lub zaoferuje inne, uzgodnione z Klientem rozwi\u0105zanie<\/span><\/li>\n<\/ol>\n<h1><\/h1>\n<h2><b>\u00a7<\/b><b>7. Odst\u0105pienie od umowy<\/b><\/h2>\n<ol>\n \t<li style=\"font-weight: 400;\" aria-level=\"1\"><span style=\"font-weight: 400;\">Z uwagi na fakt, \u017ce stronami umowy sprzeda\u017cy zawieranej za po\u015brednictwem Sklepu s\u0105 wy\u0142\u0105cznie przedsi\u0119biorcy, <\/span><b>Klientom nie przys\u0142uguje ustawowe prawo do odst\u0105pienia od umowy<\/b><span style=\"font-weight: 400;\"> zawartej na odleg\u0142o\u015b\u0107, kt\u00f3re jest przewidziane dla konsument\u00f3w w ustawie z dnia 30 maja 2014 r. o prawach konsumenta.<\/span><\/li>\n \t<li style=\"font-weight: 400;\" aria-level=\"1\"><span style=\"font-weight: 400;\">Na podstawie art. 558 \u00a7 1 Kodeksu cywilnego strony wy\u0142\u0105czaj\u0105 uprawnienia Klienta z tytu\u0142u r\u0119kojmi, co zosta\u0142o r\u00f3wnie\u017c uj\u0119te w \u00a75 i \u00a76 niniejszego regulaminu.<\/span><\/li>\n \t<li style=\"font-weight: 400;\" aria-level=\"1\"><span style=\"font-weight: 400;\">Odst\u0105pienie od umowy lub zwrot zakupionego towaru jest mo\u017cliwy wy\u0142\u0105cznie w sytuacjach przewidzianych przez bezwzgl\u0119dnie obowi\u0105zuj\u0105ce przepisy prawa lub na podstawie indywidualnych, pisemnych ustale\u0144 ze Sprzedawc\u0105.<\/span><\/li>\n \t<li style=\"font-weight: 400;\" aria-level=\"1\"><span style=\"font-weight: 400;\">W przypadku uzyskania indywidualnej zgody na zwrot towaru, Klient jest zobowi\u0105zany do odes\u0142ania go na w\u0142asny koszt w stanie nienaruszonym. Sprzedawca zastrzega sobie prawo do potr\u0105cenia z kwoty zwrotu op\u0142aty manipulacyjnej na pokrycie koszt\u00f3w zwi\u0105zanych z obs\u0142ug\u0105 zwrotu.<\/span><\/li>\n<\/ol>\n<h2><b>\u00a78. Ochrona danych osobowych (RODO)<\/b><\/h2>\n<ol>\n \t<li style=\"font-weight: 400;\" aria-level=\"1\"><span style=\"font-weight: 400;\">Administratorem danych osobowych jest:<\/span><span style=\"font-weight: 400;\">\n<\/span><b>Bar-Tech Ewa Weinert-Jeli\u0144ska<\/b><span style=\"font-weight: 400;\">, ul. \u017beglarska 25, 62-080 Lus\u00f3wko, NIP: 7792017846, e-mail: biuro@bartech-serwis.com.<\/span><\/li>\n \t<li style=\"font-weight: 400;\" aria-level=\"1\"><span style=\"font-weight: 400;\">Dane przetwarzane s\u0105 w celu:<\/span>\n<ul>\n \t<li style=\"font-weight: 400;\" aria-level=\"2\"><span style=\"font-weight: 400;\">realizacji zam\u00f3wie\u0144,<\/span><\/li>\n \t<li style=\"font-weight: 400;\" aria-level=\"2\"><span style=\"font-weight: 400;\">wystawienia dokument\u00f3w ksi\u0119gowych,<\/span><\/li>\n \t<li style=\"font-weight: 400;\" aria-level=\"2\"><span style=\"font-weight: 400;\">obs\u0142ugi reklamacji i zapyta\u0144,<\/span><\/li>\n \t<li style=\"font-weight: 400;\" aria-level=\"2\"><span style=\"font-weight: 400;\">zabezpieczenia ewentualnych roszcze\u0144.<\/span><\/li>\n<\/ul>\n<\/li>\n \t<li style=\"font-weight: 400;\" aria-level=\"1\"><span style=\"font-weight: 400;\">Odbiorcami danych mog\u0105 by\u0107: firmy kurierskie, operatorzy p\u0142atno\u015bci (Przelewy24), biuro rachunkowe, dostawcy us\u0142ug IT.<\/span><\/li>\n \t<li style=\"font-weight: 400;\" aria-level=\"1\"><span style=\"font-weight: 400;\">Dane s\u0105 przechowywane przez czas niezb\u0119dny do realizacji zam\u00f3wienia i wynikaj\u0105cy z przepis\u00f3w prawa.<\/span><\/li>\n \t<li style=\"font-weight: 400;\" aria-level=\"1\"><span style=\"font-weight: 400;\">Klientowi przys\u0142uguj\u0105 prawa: dost\u0119pu, poprawiania, usuni\u0119cia danych, ograniczenia przetwarzania, przenoszenia danych oraz wniesienia skargi do Prezesa UODO.<\/span><\/li>\n \t<li style=\"font-weight: 400;\" aria-level=\"1\"><span style=\"font-weight: 400;\">Podanie danych jest dobrowolne, ale niezb\u0119dne do realizacji zam\u00f3wienia.<\/span><\/li>\n \t<li style=\"font-weight: 400;\" aria-level=\"1\"><span style=\"font-weight: 400;\">Administrator nie stosuje zautomatyzowanego podejmowania decyzji ani profilowania.<\/span><\/li>\n<\/ol>\n<h2><b>\u00a79. Postanowienia ko\u0144cowe<\/b><\/h2>\n<ol>\n \t<li style=\"font-weight: 400;\" aria-level=\"1\"><span style=\"font-weight: 400;\">Regulamin obowi\u0105zuje od dnia publikacji na stronie sklepu.<\/span><\/li>\n \t<li style=\"font-weight: 400;\" aria-level=\"1\"><span style=\"font-weight: 400;\">Sklep zastrzega sobie prawo do zmian regulaminu. Zmiany wchodz\u0105 w \u017cycie w momencie ich publikacji.<\/span><\/li>\n \t<li style=\"font-weight: 400;\" aria-level=\"1\"><span style=\"font-weight: 400;\">W sprawach nieuregulowanych obowi\u0105zuj\u0105 przepisy prawa polskiego, w szczeg\u00f3lno\u015bci Kodeks cywilny.<\/span><\/li>\n \t<li style=\"font-weight: 400;\" aria-level=\"1\"><span style=\"font-weight: 400;\">Wszelkie spory b\u0119d\u0105 rozstrzygane przez s\u0105d w\u0142a\u015bciwy dla siedziby sprzedawcy.<\/span><\/li>\n<\/ol>\n<h1><\/h1>\t\t\t\t\t\t\t\t<\/div>\n\t\t\t\t\t<\/div>\n\t\t\t\t<\/div>\n\t\t\t\t<\/div>\n\t\t","protected":false},"excerpt":{"rendered":"<p>Regulamin sklepu internetowego Bar-Tech \u00a71. Informacje og\u00f3lne Sklep internetowy dzia\u0142aj\u0105cy pod adresem [tu wstaw adres sklepu] prowadzony jest przez: Bar-Tech<\/p>\n","protected":false},"author":1,"featured_media":0,"parent":0,"menu_order":0,"comment_status":"closed","ping_status":"closed","template":"elementor_header_footer","meta":{"footnotes":""},"class_list":["post-30876","page","type-page","status-publish","hentry"],"_links":{"self":[{"href":"https:\/\/bartech.iftest.pl\/index.php\/wp-json\/wp\/v2\/pages\/30876","targetHints":{"allow":["GET"]}}],"collection":[{"href":"https:\/\/bartech.iftest.pl\/index.php\/wp-json\/wp\/v2\/pages"}],"about":[{"href":"https:\/\/bartech.iftest.pl\/index.php\/wp-json\/wp\/v2\/types\/page"}],"author":[{"embeddable":true,"href":"https:\/\/bartech.iftest.pl\/index.php\/wp-json\/wp\/v2\/users\/1"}],"replies":[{"embeddable":true,"href":"https:\/\/bartech.iftest.pl\/index.php\/wp-json\/wp\/v2\/comments?post=30876"}],"version-history":[{"count":7,"href":"https:\/\/bartech.iftest.pl\/index.php\/wp-json\/wp\/v2\/pages\/30876\/revisions"}],"predecessor-version":[{"id":31124,"href":"https:\/\/bartech.iftest.pl\/index.php\/wp-json\/wp\/v2\/pages\/30876\/revisions\/31124"}],"wp:attachment":[{"href":"https:\/\/bartech.iftest.pl\/index.php\/wp-json\/wp\/v2\/media?parent=30876"}],"curies":[{"name":"wp","href":"https:\/\/api.w.org\/{rel}","templated":true}]}}