{"id":30997,"date":"2026-02-13T09:12:57","date_gmt":"2026-02-13T08:12:57","guid":{"rendered":"https:\/\/bartech.iftest.pl\/?post_type=product&#038;p=30997"},"modified":"2026-02-13T09:13:07","modified_gmt":"2026-02-13T08:13:07","slug":"microtol-ec-32-beczka-182-kg","status":"publish","type":"product","link":"https:\/\/bartech.iftest.pl\/index.php\/produkt\/microtol-ec-32-beczka-182-kg\/","title":{"rendered":"Microtol EC 32 [beczka 182 kg]"},"content":{"rendered":"<p><strong>MICROTOL EC 32<\/strong> to wysokiej klasy produkt na bazie syntetycznych olej\u00f3w estrowych, stworzony do proces\u00f3w wymagaj\u0105cych minimalnego smarowania (MQL). Jego zaawansowana, samoemulguj\u0105ca formu\u0142a u\u0142atwia mycie obrabianych cz\u0119\u015bci oraz maszyn.<\/p>\n<p><strong>Kluczowe zalety:<\/strong><\/p>\n<ul>\n<li>Czysta formu\u0142a: Nie zawiera chloru ani silikonu.<\/li>\n<li>Wszechstronno\u015b\u0107: Odpowiedni do \u015bredniej obr\u00f3bki oraz proces\u00f3w formowania. Kompatybilny ze wszystkimi standardowymi systemami natryskowymi.<\/li>\n<li>Optymalizacja \u017cywotno\u015bci narz\u0119dzi: Doskona\u0142e w\u0142a\u015bciwo\u015bci smarne przyczyniaj\u0105 si\u0119 do wyd\u0142u\u017cenia czasu pracy narz\u0119dzi.<\/li>\n<li>\u0141atwe czyszczenie: Produkt jest \u0142atwo zmywalny wod\u0105 z obrabianych element\u00f3w i cz\u0119\u015bci maszyn, dzi\u0119ki w\u0142a\u015bciwo\u015bciom samoemulguj\u0105cym.<\/li>\n<li>Doskona\u0142e w\u0142a\u015bciwo\u015bci zwil\u017caj\u0105ce: Zapewnia optymalne pokrycie smarowanej powierzchni.<\/li>\n<li>Przyjazny dla sk\u00f3ry: Neutralny dla sk\u00f3ry u\u017cytkownika.<\/li>\n<\/ul>\n<p><strong>Spos\u00f3b u\u017cycia:<\/strong><\/p>\n<p>Rekomendowane st\u0119\u017cenie: 100% (produkt stosowany bezpo\u015brednio).<\/p>\n<p><strong>Parametry koncentratu:<\/strong><\/p>\n<ul>\n<li>G\u0119sto\u015b\u0107 (20\u00b0C): 914 kg\/m\u00b3<\/li>\n<li>Lepko\u015b\u0107 (40\u00b0C): 32 mm\u00b2\/s<\/li>\n<li>Temperatura zap\u0142onu: 212\u00b0C<\/li>\n<li>Korozja na miedzi (3h\/100\u00b0C): 1a<\/li>\n<\/ul>\n<p><strong>Przechowywanie:<\/strong><\/p>\n<p>Minimalny okres wa\u017cno\u015bci produktu to 12 miesi\u0119cy, przy przechowywaniu w temperaturze od +10\u00b0C do +30\u00b0C. Szczeg\u00f3\u0142owe informacje dotycz\u0105ce bezpiecze\u0144stwa i higieny pracy dost\u0119pne s\u0105 w karcie charakterystyki produktu.<\/p>\n","protected":false},"excerpt":{"rendered":"<p><strong>MICROTOL EC 32<\/strong> \u2013 Syntetyczny Olej Estrowy do Minimalnego Smarowania (MQL)<\/p>\n","protected":false},"featured_media":31024,"comment_status":"open","ping_status":"closed","template":"","meta":[],"product_brand":[],"product_cat":[86],"product_tag":[],"class_list":{"0":"post-30997","1":"product","2":"type-product","3":"status-publish","4":"has-post-thumbnail","6":"product_cat-oleje-do-minimalnego-smarowania-mms","8":"first","9":"instock","10":"shipping-taxable","11":"purchasable","12":"product-type-simple"},"_links":{"self":[{"href":"https:\/\/bartech.iftest.pl\/index.php\/wp-json\/wp\/v2\/product\/30997","targetHints":{"allow":["GET"]}}],"collection":[{"href":"https:\/\/bartech.iftest.pl\/index.php\/wp-json\/wp\/v2\/product"}],"about":[{"href":"https:\/\/bartech.iftest.pl\/index.php\/wp-json\/wp\/v2\/types\/product"}],"replies":[{"embeddable":true,"href":"https:\/\/bartech.iftest.pl\/index.php\/wp-json\/wp\/v2\/comments?post=30997"}],"version-history":[{"count":1,"href":"https:\/\/bartech.iftest.pl\/index.php\/wp-json\/wp\/v2\/product\/30997\/revisions"}],"predecessor-version":[{"id":31029,"href":"https:\/\/bartech.iftest.pl\/index.php\/wp-json\/wp\/v2\/product\/30997\/revisions\/31029"}],"wp:featuredmedia":[{"embeddable":true,"href":"https:\/\/bartech.iftest.pl\/index.php\/wp-json\/wp\/v2\/media\/31024"}],"wp:attachment":[{"href":"https:\/\/bartech.iftest.pl\/index.php\/wp-json\/wp\/v2\/media?parent=30997"}],"wp:term":[{"taxonomy":"product_brand","embeddable":true,"href":"https:\/\/bartech.iftest.pl\/index.php\/wp-json\/wp\/v2\/product_brand?post=30997"},{"taxonomy":"product_cat","embeddable":true,"href":"https:\/\/bartech.iftest.pl\/index.php\/wp-json\/wp\/v2\/product_cat?post=30997"},{"taxonomy":"product_tag","embeddable":true,"href":"https:\/\/bartech.iftest.pl\/index.php\/wp-json\/wp\/v2\/product_tag?post=30997"}],"curies":[{"name":"wp","href":"https:\/\/api.w.org\/{rel}","templated":true}]}}