{"id":30998,"date":"2026-02-13T09:12:57","date_gmt":"2026-02-13T08:12:57","guid":{"rendered":"https:\/\/bartech.iftest.pl\/?post_type=product&#038;p=30998"},"modified":"2026-02-13T09:13:07","modified_gmt":"2026-02-13T08:13:07","slug":"addi-prox-af-s-18-kanister-5kg","status":"publish","type":"product","link":"https:\/\/bartech.iftest.pl\/index.php\/produkt\/addi-prox-af-s-18-kanister-5kg\/","title":{"rendered":"Addi-Prox AF\/S 18 [kanister 5kg]"},"content":{"rendered":"<p><strong>ADDI-PROX AF\/S 18<\/strong> to szybko reaguj\u0105cy \u015brodek przeciwpienny, specjalnie opracowany jako dodatek reguluj\u0105cy do ch\u0142odziw mieszalnych z wod\u0105. Jest to niezawodne rozwi\u0105zanie do eliminacji problem\u00f3w z pienieniem w systemach ch\u0142odziw obr\u00f3bczych.<\/p>\n<p><strong>Kluczowe zalety:<\/strong><\/p>\n<ul>\n<li>Uniwersalne zastosowanie: Odpowiedni do u\u017cycia we wszystkich systemach ch\u0142odziw obr\u00f3bczych, zar\u00f3wno w pojedynczych maszynach, jak i w centralnych systemach smarowania.<\/li>\n<li>Dedykowany do ch\u0142odziw wodnych: Szczeg\u00f3lnie zalecany do ch\u0142odziw mieszalnych z wod\u0105.<\/li>\n<li>Natychmiastowe i niezawodne dzia\u0142anie: Skutecznie zapobiega przestojom maszyn spowodowanym problemami z pienieniem.<\/li>\n<li>Wysoka skuteczno\u015b\u0107 przy niskim st\u0119\u017ceniu: Efektywny nawet w niewielkich ilo\u015bciach.<\/li>\n<li>Bezpieczny dla ch\u0142odziwa: Nie wp\u0142ywa negatywnie na w\u0142a\u015bciwo\u015bci i stabilno\u015b\u0107 stosowanego ch\u0142odziwa.<\/li>\n<\/ul>\n<p><strong>\u0141atwy w u\u017cyciu:<\/strong><\/p>\n<p>Prosta aplikacja i szybkie wymieszanie z ch\u0142odziwem.<\/p>\n<p><strong>Spos\u00f3b u\u017cycia:<\/strong><\/p>\n<p>Rekomendowane st\u0119\u017cenie robocze wynosi od 0,002% do 0,010%, w zale\u017cno\u015bci od specyfiki zastosowania. Przed u\u017cyciem produkt nale\u017cy dobrze wymiesza\u0107.<\/p>\n<p><strong>Parametry koncentratu:<\/strong><\/p>\n<ul>\n<li>G\u0119sto\u015b\u0107 (20\u00b0C): 1005 kg\/m\u00b3<\/li>\n<li>Lepko\u015b\u0107 (40\u00b0C): &gt;500 mm\u00b2\/s<\/li>\n<\/ul>\n<p><strong>Przechowywanie:<\/strong><\/p>\n<p>Minimalny okres wa\u017cno\u015bci produktu to 12 miesi\u0119cy, przy przechowywaniu w temperaturze od +10\u00b0C do +30\u00b0C. Szczeg\u00f3\u0142owe informacje dotycz\u0105ce bezpiecze\u0144stwa i higieny pracy dost\u0119pne s\u0105 w karcie charakterystyki produktu.<\/p>\n","protected":false},"excerpt":{"rendered":"<p><strong>ADDI-PROX AF\/S 18<\/strong>\u2013 Szybko dzia\u0142aj\u0105cy \u015brodek anty pienny do ch\u0142odziw.<\/p>\n<p><span style=\"color: #ff0000;\">Cena netto zawiera akcyz\u0119<\/span><\/p>\n","protected":false},"featured_media":31022,"comment_status":"open","ping_status":"closed","template":"","meta":[],"product_brand":[],"product_cat":[87],"product_tag":[],"class_list":{"0":"post-30998","1":"product","2":"type-product","3":"status-publish","4":"has-post-thumbnail","6":"product_cat-produkty-do-pielegnacji-i-konserwacji-chlodziw","8":"first","9":"instock","10":"shipping-taxable","11":"purchasable","12":"product-type-simple"},"_links":{"self":[{"href":"https:\/\/bartech.iftest.pl\/index.php\/wp-json\/wp\/v2\/product\/30998","targetHints":{"allow":["GET"]}}],"collection":[{"href":"https:\/\/bartech.iftest.pl\/index.php\/wp-json\/wp\/v2\/product"}],"about":[{"href":"https:\/\/bartech.iftest.pl\/index.php\/wp-json\/wp\/v2\/types\/product"}],"replies":[{"embeddable":true,"href":"https:\/\/bartech.iftest.pl\/index.php\/wp-json\/wp\/v2\/comments?post=30998"}],"version-history":[{"count":1,"href":"https:\/\/bartech.iftest.pl\/index.php\/wp-json\/wp\/v2\/product\/30998\/revisions"}],"predecessor-version":[{"id":31030,"href":"https:\/\/bartech.iftest.pl\/index.php\/wp-json\/wp\/v2\/product\/30998\/revisions\/31030"}],"wp:featuredmedia":[{"embeddable":true,"href":"https:\/\/bartech.iftest.pl\/index.php\/wp-json\/wp\/v2\/media\/31022"}],"wp:attachment":[{"href":"https:\/\/bartech.iftest.pl\/index.php\/wp-json\/wp\/v2\/media?parent=30998"}],"wp:term":[{"taxonomy":"product_brand","embeddable":true,"href":"https:\/\/bartech.iftest.pl\/index.php\/wp-json\/wp\/v2\/product_brand?post=30998"},{"taxonomy":"product_cat","embeddable":true,"href":"https:\/\/bartech.iftest.pl\/index.php\/wp-json\/wp\/v2\/product_cat?post=30998"},{"taxonomy":"product_tag","embeddable":true,"href":"https:\/\/bartech.iftest.pl\/index.php\/wp-json\/wp\/v2\/product_tag?post=30998"}],"curies":[{"name":"wp","href":"https:\/\/api.w.org\/{rel}","templated":true}]}}