{"id":31002,"date":"2026-02-13T09:12:57","date_gmt":"2026-02-13T08:12:57","guid":{"rendered":"https:\/\/bartech.iftest.pl\/?post_type=product&#038;p=31002"},"modified":"2026-02-13T09:13:07","modified_gmt":"2026-02-13T08:13:07","slug":"supramet-100-kanister-20-kg","status":"publish","type":"product","link":"https:\/\/bartech.iftest.pl\/index.php\/produkt\/supramet-100-kanister-20-kg\/","title":{"rendered":"Supramet 100 [kanister 20 kg]"},"content":{"rendered":"<p><b><span class=\"citation-145\">SUPRAMET 100<\/span><\/b><span class=\"citation-145 citation-end-145\"> to mieszalny z wod\u0105, obr\u00f3bkowy p\u0142yn ch\u0142odz\u0105co-smaruj\u0105cy <\/span><span class=\"citation-144 citation-end-144\">, kt\u00f3ry charakteryzuje si\u0119 szczeg\u00f3ln\u0105 wydajno\u015bci\u0105. <\/span><span class=\"citation-143 citation-end-143\">Zosta\u0142 zaprojektowany do szerokiej gamy proces\u00f3w obr\u00f3bczych, znajduj\u0105c zastosowanie przy obr\u00f3bce materia\u0142\u00f3w takich jak stal i \u017celiwo. <\/span><\/p>\n<div class=\"source-inline-chip-container ng-star-inserted\"><\/div>\n<div class=\"source-inline-chip-container ng-star-inserted\"><\/div>\n<div class=\"source-inline-chip-container ng-star-inserted\"><\/div>\n<p><b>Kluczowe zalety:<\/b><\/p>\n<ul>\n<li><b><span class=\"citation-142\">Formu\u0142a bez bakteriocyd\u00f3w:<\/span><\/b><span class=\"citation-142 citation-end-142\"> Nowoczesny i bezpieczniejszy sk\u0142ad produktu. <\/span>\n<div class=\"source-inline-chip-container ng-star-inserted\"><\/div>\n<\/li>\n<li><b><span class=\"citation-141\">Wszechstronno\u015b\u0107 zastosowa\u0144:<\/span><\/b><span class=\"citation-141 citation-end-141\"> Idealny do standardowej i \u015brednio wymagaj\u0105cej obr\u00f3bki stali oraz \u017celiwa. <\/span>\n<div class=\"source-inline-chip-container ng-star-inserted\"><\/div>\n<div class=\"source-inline-chip-container ng-star-inserted\"><\/div>\n<\/li>\n<li><b><span class=\"citation-140\">Wysoka stabilno\u015b\u0107:<\/span><\/b><span class=\"citation-140 citation-end-140\"> Zastosowanie wysokiej jako\u015bci sk\u0142adnik\u00f3w gwarantuje bardzo du\u017c\u0105 stabilno\u015b\u0107 emulsji i d\u0142ug\u0105 \u017cywotno\u015b\u0107. <\/span>\n<div class=\"source-inline-chip-container ng-star-inserted\"><\/div>\n<\/li>\n<li><b><span class=\"citation-139\">Doskona\u0142e w\u0142a\u015bciwo\u015bci myj\u0105ce:<\/span><\/b><span class=\"citation-139 citation-end-139\"> Bardzo dobre w\u0142a\u015bciwo\u015bci myj\u0105co-p\u0142ucz\u0105ce zapewniaj\u0105 utrzymanie czysto\u015bci maszyn i obrabianych element\u00f3w. <\/span>\n<div class=\"source-inline-chip-container ng-star-inserted\"><\/div>\n<\/li>\n<li><b><span class=\"citation-138\">Niskopieni\u0105ca formu\u0142a:<\/span><\/b><span class=\"citation-138 citation-end-138\"> Skutecznie zapobiega tworzeniu si\u0119 piany w trakcie pracy. <\/span>\n<div class=\"source-inline-chip-container ng-star-inserted\"><\/div>\n<\/li>\n<li><b><span class=\"citation-137\">Ochrona i bezpiecze\u0144stwo:<\/span><\/b><span class=\"citation-137 citation-end-137\"> Zapewnia dobr\u0105 ochron\u0119 antykorozyjn\u0105 <\/span><span class=\"citation-136 citation-end-136\">i jest neutralny dla sk\u00f3ry operatora. <\/span>\n<div class=\"source-inline-chip-container ng-star-inserted\"><\/div>\n<div class=\"source-inline-chip-container ng-star-inserted\"><\/div>\n<\/li>\n<\/ul>\n<p><b>Spos\u00f3b u\u017cycia:<\/b><\/p>\n<ul>\n<li><span class=\"citation-135 citation-end-135\">Zalecane st\u0119\u017cenie robocze koncentratu w wodzie mie\u015bci si\u0119 w zakresie od 3,5% do 8,0%, w zale\u017cno\u015bci od specyfiki zastosowania. <\/span>\n<div class=\"source-inline-chip-container ng-star-inserted\"><\/div>\n<\/li>\n<\/ul>\n<p><b>Parametry emulsji (przy st\u0119\u017ceniu koncentratu w wodzie):<\/b><\/p>\n<ul>\n<li><b><span class=\"citation-134\">Warto\u015b\u0107 pH:<\/span><\/b><span class=\"citation-134 citation-end-134\"> 9,4 (przy 5,0% st\u0119\u017ceniu, zgodnie z metod\u0105 DIN 51 369) <\/span>\n<div class=\"source-inline-chip-container ng-star-inserted\"><\/div>\n<\/li>\n<li><b><span class=\"citation-133\">Test na korozj\u0119:<\/span><\/b><span class=\"citation-133 citation-end-133\"> Stopie\u0144 0 przy st\u0119\u017ceniu 3,5% (zgodnie z metod\u0105 DIN 51 360\/2) <\/span>\n<div class=\"source-inline-chip-container ng-star-inserted\"><\/div>\n<\/li>\n<\/ul>\n<p><b>Przechowywanie:<\/b><\/p>\n<ul>\n<li><span class=\"citation-132 citation-end-132\">Minimalny okres wa\u017cno\u015bci produktu wynosi 12 miesi\u0119cy <\/span><span class=\"citation-131 citation-end-131\">, pod warunkiem przechowywania w temperaturze od +10\u00b0C do +30\u00b0C. <\/span><span class=\"citation-130 citation-end-130\">Szczeg\u00f3\u0142owe informacje dotycz\u0105ce bezpiecze\u0144stwa i higieny pracy znajduj\u0105 si\u0119 w karcie charakterystyki produktu. <\/span><\/li>\n<\/ul>\n","protected":false},"excerpt":{"rendered":"<p><strong>SUPRAMET 100<\/strong> \u2013 Wydajne ch\u0142odziwo mieszalne z wod\u0105 do obr\u00f3bki stali i \u017celiwa.<\/p>\n<p><span style=\"color: #ff0000;\">Cena netto zawiera akcyz\u0119<\/span><\/p>\n","protected":false},"featured_media":31022,"comment_status":"open","ping_status":"closed","template":"","meta":[],"product_brand":[],"product_cat":[84],"product_tag":[],"class_list":{"0":"post-31002","1":"product","2":"type-product","3":"status-publish","4":"has-post-thumbnail","6":"product_cat-chlodziwa","8":"first","9":"instock","10":"shipping-taxable","11":"purchasable","12":"product-type-simple"},"_links":{"self":[{"href":"https:\/\/bartech.iftest.pl\/index.php\/wp-json\/wp\/v2\/product\/31002","targetHints":{"allow":["GET"]}}],"collection":[{"href":"https:\/\/bartech.iftest.pl\/index.php\/wp-json\/wp\/v2\/product"}],"about":[{"href":"https:\/\/bartech.iftest.pl\/index.php\/wp-json\/wp\/v2\/types\/product"}],"replies":[{"embeddable":true,"href":"https:\/\/bartech.iftest.pl\/index.php\/wp-json\/wp\/v2\/comments?post=31002"}],"version-history":[{"count":1,"href":"https:\/\/bartech.iftest.pl\/index.php\/wp-json\/wp\/v2\/product\/31002\/revisions"}],"predecessor-version":[{"id":31034,"href":"https:\/\/bartech.iftest.pl\/index.php\/wp-json\/wp\/v2\/product\/31002\/revisions\/31034"}],"wp:featuredmedia":[{"embeddable":true,"href":"https:\/\/bartech.iftest.pl\/index.php\/wp-json\/wp\/v2\/media\/31022"}],"wp:attachment":[{"href":"https:\/\/bartech.iftest.pl\/index.php\/wp-json\/wp\/v2\/media?parent=31002"}],"wp:term":[{"taxonomy":"product_brand","embeddable":true,"href":"https:\/\/bartech.iftest.pl\/index.php\/wp-json\/wp\/v2\/product_brand?post=31002"},{"taxonomy":"product_cat","embeddable":true,"href":"https:\/\/bartech.iftest.pl\/index.php\/wp-json\/wp\/v2\/product_cat?post=31002"},{"taxonomy":"product_tag","embeddable":true,"href":"https:\/\/bartech.iftest.pl\/index.php\/wp-json\/wp\/v2\/product_tag?post=31002"}],"curies":[{"name":"wp","href":"https:\/\/api.w.org\/{rel}","templated":true}]}}