{"id":31008,"date":"2026-02-13T09:12:58","date_gmt":"2026-02-13T08:12:58","guid":{"rendered":"https:\/\/bartech.iftest.pl\/?post_type=product&#038;p=31008"},"modified":"2026-02-13T09:13:11","modified_gmt":"2026-02-13T08:13:11","slug":"refraktometr","status":"publish","type":"product","link":"https:\/\/bartech.iftest.pl\/index.php\/produkt\/refraktometr\/","title":{"rendered":"Refraktometr"},"content":{"rendered":"<p>Refraktometr pozwala zmierzy\u0107 st\u0119\u017cenie emulsji skala 0-18%<\/p>\n","protected":false},"excerpt":{"rendered":"<p><strong>Refraktometr<\/strong> &#8211; szybki i \u0142atwy pomiar st\u0119\u017cenia emulsji.<\/p>\n","protected":false},"featured_media":31044,"comment_status":"open","ping_status":"closed","template":"","meta":[],"product_brand":[],"product_cat":[91],"product_tag":[],"class_list":{"0":"post-31008","1":"product","2":"type-product","3":"status-publish","4":"has-post-thumbnail","6":"product_cat-materialy-pomiarowe","8":"first","9":"instock","10":"shipping-taxable","11":"purchasable","12":"product-type-simple"},"_links":{"self":[{"href":"https:\/\/bartech.iftest.pl\/index.php\/wp-json\/wp\/v2\/product\/31008","targetHints":{"allow":["GET"]}}],"collection":[{"href":"https:\/\/bartech.iftest.pl\/index.php\/wp-json\/wp\/v2\/product"}],"about":[{"href":"https:\/\/bartech.iftest.pl\/index.php\/wp-json\/wp\/v2\/types\/product"}],"replies":[{"embeddable":true,"href":"https:\/\/bartech.iftest.pl\/index.php\/wp-json\/wp\/v2\/comments?post=31008"}],"version-history":[{"count":1,"href":"https:\/\/bartech.iftest.pl\/index.php\/wp-json\/wp\/v2\/product\/31008\/revisions"}],"predecessor-version":[{"id":31045,"href":"https:\/\/bartech.iftest.pl\/index.php\/wp-json\/wp\/v2\/product\/31008\/revisions\/31045"}],"wp:featuredmedia":[{"embeddable":true,"href":"https:\/\/bartech.iftest.pl\/index.php\/wp-json\/wp\/v2\/media\/31044"}],"wp:attachment":[{"href":"https:\/\/bartech.iftest.pl\/index.php\/wp-json\/wp\/v2\/media?parent=31008"}],"wp:term":[{"taxonomy":"product_brand","embeddable":true,"href":"https:\/\/bartech.iftest.pl\/index.php\/wp-json\/wp\/v2\/product_brand?post=31008"},{"taxonomy":"product_cat","embeddable":true,"href":"https:\/\/bartech.iftest.pl\/index.php\/wp-json\/wp\/v2\/product_cat?post=31008"},{"taxonomy":"product_tag","embeddable":true,"href":"https:\/\/bartech.iftest.pl\/index.php\/wp-json\/wp\/v2\/product_tag?post=31008"}],"curies":[{"name":"wp","href":"https:\/\/api.w.org\/{rel}","templated":true}]}}