{"id":31010,"date":"2026-02-13T09:12:58","date_gmt":"2026-02-13T08:12:58","guid":{"rendered":"https:\/\/bartech.iftest.pl\/?post_type=product&#038;p=31010"},"modified":"2026-02-13T09:13:14","modified_gmt":"2026-02-13T08:13:14","slug":"paski-do-pomiaru-stezenia-tylko-do-produktow-oemeta","status":"publish","type":"product","link":"https:\/\/bartech.iftest.pl\/index.php\/produkt\/paski-do-pomiaru-stezenia-tylko-do-produktow-oemeta\/","title":{"rendered":"Paski do pomiaru st\u0119\u017cenia (tylko do produkt\u00f3w Oemeta)"},"content":{"rendered":"<p>Zachowaj optymaln\u0105 wydajno\u015b\u0107 i \u017cywotno\u015b\u0107 swoich p\u0142yn\u00f3w obr\u00f3bczych dzi\u0119ki oryginalnym paskom testowym, dedykowanym wy\u0142\u0105cznie do produkt\u00f3w marki Oemeta.<\/p>\n","protected":false},"excerpt":{"rendered":"<p><b>Precyzyjna i natychmiastowa kontrola st\u0119\u017cenia Twoich ch\u0142odziw i emulsji Oemeta!<\/b><\/p>\n","protected":false},"featured_media":31048,"comment_status":"open","ping_status":"closed","template":"","meta":[],"product_brand":[],"product_cat":[91],"product_tag":[],"class_list":{"0":"post-31010","1":"product","2":"type-product","3":"status-publish","4":"has-post-thumbnail","6":"product_cat-materialy-pomiarowe","8":"first","9":"instock","10":"shipping-taxable","11":"purchasable","12":"product-type-simple"},"_links":{"self":[{"href":"https:\/\/bartech.iftest.pl\/index.php\/wp-json\/wp\/v2\/product\/31010","targetHints":{"allow":["GET"]}}],"collection":[{"href":"https:\/\/bartech.iftest.pl\/index.php\/wp-json\/wp\/v2\/product"}],"about":[{"href":"https:\/\/bartech.iftest.pl\/index.php\/wp-json\/wp\/v2\/types\/product"}],"replies":[{"embeddable":true,"href":"https:\/\/bartech.iftest.pl\/index.php\/wp-json\/wp\/v2\/comments?post=31010"}],"version-history":[{"count":1,"href":"https:\/\/bartech.iftest.pl\/index.php\/wp-json\/wp\/v2\/product\/31010\/revisions"}],"predecessor-version":[{"id":31049,"href":"https:\/\/bartech.iftest.pl\/index.php\/wp-json\/wp\/v2\/product\/31010\/revisions\/31049"}],"wp:featuredmedia":[{"embeddable":true,"href":"https:\/\/bartech.iftest.pl\/index.php\/wp-json\/wp\/v2\/media\/31048"}],"wp:attachment":[{"href":"https:\/\/bartech.iftest.pl\/index.php\/wp-json\/wp\/v2\/media?parent=31010"}],"wp:term":[{"taxonomy":"product_brand","embeddable":true,"href":"https:\/\/bartech.iftest.pl\/index.php\/wp-json\/wp\/v2\/product_brand?post=31010"},{"taxonomy":"product_cat","embeddable":true,"href":"https:\/\/bartech.iftest.pl\/index.php\/wp-json\/wp\/v2\/product_cat?post=31010"},{"taxonomy":"product_tag","embeddable":true,"href":"https:\/\/bartech.iftest.pl\/index.php\/wp-json\/wp\/v2\/product_tag?post=31010"}],"curies":[{"name":"wp","href":"https:\/\/api.w.org\/{rel}","templated":true}]}}