{"id":31011,"date":"2026-02-13T09:12:58","date_gmt":"2026-02-13T08:12:58","guid":{"rendered":"https:\/\/bartech.iftest.pl\/?post_type=product&#038;p=31011"},"modified":"2026-02-13T09:13:14","modified_gmt":"2026-02-13T08:13:14","slug":"frigomet-nf-470-30n-kanister-20-kg","status":"publish","type":"product","link":"https:\/\/bartech.iftest.pl\/index.php\/produkt\/frigomet-nf-470-30n-kanister-20-kg\/","title":{"rendered":"Frigomet NF 470\/ 30N [kanister 20 kg]"},"content":{"rendered":"<p><b><span class=\"citation-199\">FRIGOMET NF 470\/30 N<\/span><\/b><span class=\"citation-199 citation-end-199\"> to przezroczysty, bezolejowy \u015brodek ch\u0142odz\u0105co-smaruj\u0105cy<\/span>. <span class=\"citation-198 citation-end-198\">Jego doskona\u0142e w\u0142a\u015bciwo\u015bci myj\u0105ce, sp\u0142ukuj\u0105ce i zwil\u017caj\u0105ce gwarantuj\u0105 skuteczne usuwanie wi\u00f3r\u00f3w oraz opi\u0142k\u00f3w<\/span>. <span class=\"citation-197 citation-end-197\">Te cechy szczeg\u00f3lnie kwalifikuj\u0105 produkt do standardowych operacji szlifowania<\/span>.<\/p>\n<div class=\"source-inline-chip-container ng-star-inserted\"><\/div>\n<div class=\"source-inline-chip-container ng-star-inserted\"><\/div>\n<p><b>Kluczowe zalety:<\/b><\/p>\n<ul>\n<li><b><span class=\"citation-196\">Nowoczesna formu\u0142a:<\/span><\/b><span class=\"citation-196 citation-end-196\"> Produkt jest przezroczystym p\u0142ynem, wolnym od oleju mineralnego i syntetycznego<\/span>. <span class=\"citation-195 citation-end-195\">Nie zawiera r\u00f3wnie\u017c bakteriocyd\u00f3w (np. formaldehydu) ani silikonu<\/span>.\n<div class=\"source-inline-chip-container ng-star-inserted\"><\/div>\n<\/li>\n<li><b><span class=\"citation-194\">Wszechstronno\u015b\u0107 materia\u0142owa:<\/span><\/b><span class=\"citation-194 citation-end-194\"> Nadaje si\u0119 do obr\u00f3bki wielu materia\u0142\u00f3w, w tym \u017celiwa, stali i stop\u00f3w aluminium<\/span>.\n<div class=\"source-inline-chip-container ng-star-inserted\"><\/div>\n<\/li>\n<li><b><span class=\"citation-193\">Czysto\u015b\u0107 w miejscu pracy:<\/span><\/b><span class=\"citation-193 citation-end-193\"> Znakomite dzia\u0142anie sp\u0142ukuj\u0105ce i zwil\u017caj\u0105ce zapewnia utrzymanie czysto\u015bci obrabianych detali oraz element\u00f3w maszyny<\/span>.\n<div class=\"source-inline-chip-container ng-star-inserted\"><\/div>\n<\/li>\n<li><b><span class=\"citation-192\">Wysoka stabilno\u015b\u0107 i d\u0142uga \u017cywotno\u015b\u0107:<\/span><\/b><span class=\"citation-192 citation-end-192\"> Produkt cechuje si\u0119 wysok\u0105 stabilno\u015bci\u0105, co przek\u0142ada si\u0119 na d\u0142ug\u0105 \u017cywotno\u015b\u0107 emulsji <\/span><span class=\"citation-191 citation-end-191\">i niskie zu\u017cycie koncentratu<\/span>.\n<div class=\"source-inline-chip-container ng-star-inserted\"><\/div>\n<div class=\"source-inline-chip-container ng-star-inserted\"><\/div>\n<\/li>\n<li><b><span class=\"citation-190\">Wydajno\u015b\u0107 i ochrona:<\/span><\/b><span class=\"citation-190 citation-end-190\"> Oferuje bardzo dobre w\u0142a\u015bciwo\u015bci antypienne <\/span><span class=\"citation-189 citation-end-189\">oraz dobr\u0105 ochron\u0119 przed korozj\u0105<\/span>.\n<div class=\"source-inline-chip-container ng-star-inserted\"><\/div>\n<div class=\"source-inline-chip-container ng-star-inserted\"><\/div>\n<\/li>\n<\/ul>\n<p><b>Spos\u00f3b u\u017cycia:<\/b><\/p>\n<ul>\n<li><span class=\"citation-188 citation-end-188\">Zalecane standardowe st\u0119\u017cenie robocze koncentratu w wodzie mie\u015bci si\u0119 w zakresie od 4,5% do 7,0%<\/span>.\n<div class=\"source-inline-chip-container ng-star-inserted\"><\/div>\n<\/li>\n<\/ul>\n<p><b>Parametry emulsji:<\/b><\/p>\n<ul>\n<li><b><span class=\"citation-187\">Warto\u015b\u0107 pH:<\/span><\/b><span class=\"citation-187 citation-end-187\"> 9,3 (przy 5% st\u0119\u017ceniu, zgodnie z metod\u0105 DIN 51 369)<\/span>.\n<div class=\"source-inline-chip-container ng-star-inserted\"><\/div>\n<\/li>\n<li><b><span class=\"citation-186\">Test na korozj\u0119:<\/span><\/b><span class=\"citation-186 citation-end-186\"> Stopie\u0144 0 przy st\u0119\u017ceniu 4,5% (zgodnie z metod\u0105 DIN 51 360\/2)<\/span>.\n<div class=\"source-inline-chip-container ng-star-inserted\"><\/div>\n<\/li>\n<\/ul>\n<p><b>Przechowywanie:<\/b><\/p>\n<ul>\n<li><span class=\"citation-185 citation-end-185\">Minimalny okres wa\u017cno\u015bci produktu wynosi 12 miesi\u0119cy <\/span><span class=\"citation-184 citation-end-184\">, pod warunkiem przechowywania w temperaturze od +10\u00b0C do +30\u00b0C<\/span>. <span class=\"citation-183 citation-end-183\">Produkt mo\u017ce ulec odbarwieniu w trakcie przechowywania, co nie ma wp\u0142ywu na jego jako\u015b\u0107<\/span>. <span class=\"citation-182 citation-end-182\">Szczeg\u00f3\u0142owe informacje dotycz\u0105ce bezpiecze\u0144stwa i higieny pracy znajduj\u0105 si\u0119 w karcie charakterystyki produktu<\/span>.<\/li>\n<\/ul>\n","protected":false},"excerpt":{"rendered":"<p><b><span class=\"citation-199\">FRIGOMET NF 470\/30 N<\/span><\/b><span class=\"citation-199 citation-end-199\"> &#8211; transparentny , bezolejowy \u015brodek ch\u0142odz\u0105co-smaruj\u0105cy, idealnie nadaje si\u0119 do szlifowania.<\/span><\/p>\n<p><span style=\"color: #ff0000;\">Cena netto zawiera akcyz\u0119<\/span><\/p>\n","protected":false},"featured_media":31022,"comment_status":"open","ping_status":"closed","template":"","meta":[],"product_brand":[],"product_cat":[85],"product_tag":[],"class_list":{"0":"post-31011","1":"product","2":"type-product","3":"status-publish","4":"has-post-thumbnail","6":"product_cat-roztwory-syntetyczne","8":"first","9":"instock","10":"shipping-taxable","11":"purchasable","12":"product-type-simple"},"_links":{"self":[{"href":"https:\/\/bartech.iftest.pl\/index.php\/wp-json\/wp\/v2\/product\/31011","targetHints":{"allow":["GET"]}}],"collection":[{"href":"https:\/\/bartech.iftest.pl\/index.php\/wp-json\/wp\/v2\/product"}],"about":[{"href":"https:\/\/bartech.iftest.pl\/index.php\/wp-json\/wp\/v2\/types\/product"}],"replies":[{"embeddable":true,"href":"https:\/\/bartech.iftest.pl\/index.php\/wp-json\/wp\/v2\/comments?post=31011"}],"version-history":[{"count":1,"href":"https:\/\/bartech.iftest.pl\/index.php\/wp-json\/wp\/v2\/product\/31011\/revisions"}],"predecessor-version":[{"id":31050,"href":"https:\/\/bartech.iftest.pl\/index.php\/wp-json\/wp\/v2\/product\/31011\/revisions\/31050"}],"wp:featuredmedia":[{"embeddable":true,"href":"https:\/\/bartech.iftest.pl\/index.php\/wp-json\/wp\/v2\/media\/31022"}],"wp:attachment":[{"href":"https:\/\/bartech.iftest.pl\/index.php\/wp-json\/wp\/v2\/media?parent=31011"}],"wp:term":[{"taxonomy":"product_brand","embeddable":true,"href":"https:\/\/bartech.iftest.pl\/index.php\/wp-json\/wp\/v2\/product_brand?post=31011"},{"taxonomy":"product_cat","embeddable":true,"href":"https:\/\/bartech.iftest.pl\/index.php\/wp-json\/wp\/v2\/product_cat?post=31011"},{"taxonomy":"product_tag","embeddable":true,"href":"https:\/\/bartech.iftest.pl\/index.php\/wp-json\/wp\/v2\/product_tag?post=31011"}],"curies":[{"name":"wp","href":"https:\/\/api.w.org\/{rel}","templated":true}]}}