{"id":31016,"date":"2026-02-13T09:12:58","date_gmt":"2026-02-13T08:12:58","guid":{"rendered":"https:\/\/bartech.iftest.pl\/?post_type=product&#038;p=31016"},"modified":"2026-02-13T09:13:15","modified_gmt":"2026-02-13T08:13:15","slug":"unimet-as-194-kanister-20-kg","status":"publish","type":"product","link":"https:\/\/bartech.iftest.pl\/index.php\/produkt\/unimet-as-194-kanister-20-kg\/","title":{"rendered":"Unimet AS 194 [kanister 20 kg]"},"content":{"rendered":"<p><strong>UNIMET AS 194<\/strong> to szczeg\u00f3lnie wydajny, mieszalny z wod\u0105 p\u0142yn ch\u0142odz\u0105co-smaruj\u0105cy, kt\u00f3ry znajduje zastosowanie w wielu rodzajach proces\u00f3w obr\u00f3bczych i przy obr\u00f3bce r\u00f3\u017cnych materia\u0142\u00f3w, w tym stali i \u017celiwa. Jest to produkt stworzony z my\u015bl\u0105 o wymagaj\u0105cych zastosowaniach przemys\u0142owych.<\/p>\n<p><strong>Kluczowe zalety:<\/strong><\/p>\n<ul>\n<li><strong>Formu\u0142a bez bakteriocyd\u00f3w:<\/strong> Bezpieczniejszy dla operator\u00f3w i \u015brodowiska pracy.<\/li>\n<li><strong>Wszechstronno\u015b\u0107 materia\u0142owa:<\/strong> Odpowiedni do obr\u00f3bki zar\u00f3wno metali \u017celaznych, jak i nie\u017celaznych.<\/li>\n<li><strong>Wyj\u0105tkowa stabilno\u015b\u0107:<\/strong> Charakteryzuje si\u0119 bardzo wysok\u0105 stabilno\u015bci\u0105 i d\u0142ug\u0105 \u017cywotno\u015bci\u0105 emulsji.<\/li>\n<li><strong>Czysto\u015b\u0107 maszyn i detali:<\/strong> Bardzo dobre w\u0142a\u015bciwo\u015bci myj\u0105co-p\u0142ucz\u0105ce zapewniaj\u0105 utrzymanie czysto\u015bci maszyn i obrabianych element\u00f3w.<\/li>\n<li><strong>Niska sk\u0142onno\u015b\u0107 do pienienia:<\/strong> Zapobiega tworzeniu si\u0119 piany nawet przy twardo\u015bci wody 5\u00b0d.<\/li>\n<li><strong>Do wysokich ci\u015bnie\u0144:<\/strong> Odpowiedni do proces\u00f3w obr\u00f3bczych prowadzonych pod wysokim ci\u015bnieniem.<\/li>\n<li><strong>Skuteczna ochrona antykorozyjna:<\/strong> Zapewnia dobr\u0105 ochron\u0119 przed korozj\u0105.<\/li>\n<li><strong>Neutralny dla sk\u00f3ry:<\/strong> Przyjazny dla sk\u00f3ry operatora.<\/li>\n<\/ul>\n<p><strong>Spos\u00f3b u\u017cycia:<\/strong><\/p>\n<p>Rekomendowane st\u0119\u017cenie robocze koncentratu w wodzie wynosi od 4,0% do 8,0%.<\/p>\n<p><strong>Parametry emulsji (przy 5,0% st\u0119\u017ceniu koncentratu w wodzie):<\/strong><\/p>\n<ul>\n<li>Warto\u015b\u0107 pH: 9,3 (zgodnie z metod\u0105 DIN 51 369)<\/li>\n<li>Test na korozj\u0119: Stopie\u0144 0 przy st\u0119\u017ceniu 3,5% (zgodnie z metod\u0105 DIN 51 360\/2)<\/li>\n<\/ul>\n<p><strong>Przechowywanie:<\/strong><\/p>\n<p>Minimalny okres wa\u017cno\u015bci produktu to 12 miesi\u0119cy, przy przechowywaniu w temperaturze od +10\u00b0C do +30\u00b0C. Szczeg\u00f3\u0142owe informacje dotycz\u0105ce bezpiecze\u0144stwa i higieny pracy dost\u0119pne s\u0105 w karcie charakterystyki produktu.<\/p>\n<p>&nbsp;<\/p>\n<p>&nbsp;<\/p>\n","protected":false},"excerpt":{"rendered":"<p><strong>UNIMET AS 194<\/strong> \u2013 Wysokowydajne ch\u0142odziwo do r\u00f3\u017cnorodnych zastosowa\u0144.<\/p>\n<p><span style=\"color: #ff0000;\">Cena netto zawiera akcyz\u0119<\/span><\/p>\n<p>&nbsp;<\/p>\n","protected":false},"featured_media":31022,"comment_status":"open","ping_status":"closed","template":"","meta":[],"product_brand":[],"product_cat":[84],"product_tag":[],"class_list":{"0":"post-31016","1":"product","2":"type-product","3":"status-publish","4":"has-post-thumbnail","6":"product_cat-chlodziwa","8":"first","9":"instock","10":"shipping-taxable","11":"purchasable","12":"product-type-simple"},"_links":{"self":[{"href":"https:\/\/bartech.iftest.pl\/index.php\/wp-json\/wp\/v2\/product\/31016","targetHints":{"allow":["GET"]}}],"collection":[{"href":"https:\/\/bartech.iftest.pl\/index.php\/wp-json\/wp\/v2\/product"}],"about":[{"href":"https:\/\/bartech.iftest.pl\/index.php\/wp-json\/wp\/v2\/types\/product"}],"replies":[{"embeddable":true,"href":"https:\/\/bartech.iftest.pl\/index.php\/wp-json\/wp\/v2\/comments?post=31016"}],"version-history":[{"count":1,"href":"https:\/\/bartech.iftest.pl\/index.php\/wp-json\/wp\/v2\/product\/31016\/revisions"}],"predecessor-version":[{"id":31055,"href":"https:\/\/bartech.iftest.pl\/index.php\/wp-json\/wp\/v2\/product\/31016\/revisions\/31055"}],"wp:featuredmedia":[{"embeddable":true,"href":"https:\/\/bartech.iftest.pl\/index.php\/wp-json\/wp\/v2\/media\/31022"}],"wp:attachment":[{"href":"https:\/\/bartech.iftest.pl\/index.php\/wp-json\/wp\/v2\/media?parent=31016"}],"wp:term":[{"taxonomy":"product_brand","embeddable":true,"href":"https:\/\/bartech.iftest.pl\/index.php\/wp-json\/wp\/v2\/product_brand?post=31016"},{"taxonomy":"product_cat","embeddable":true,"href":"https:\/\/bartech.iftest.pl\/index.php\/wp-json\/wp\/v2\/product_cat?post=31016"},{"taxonomy":"product_tag","embeddable":true,"href":"https:\/\/bartech.iftest.pl\/index.php\/wp-json\/wp\/v2\/product_tag?post=31016"}],"curies":[{"name":"wp","href":"https:\/\/api.w.org\/{rel}","templated":true}]}}