{"id":31018,"date":"2026-02-13T09:12:59","date_gmt":"2026-02-13T08:12:59","guid":{"rendered":"https:\/\/bartech.iftest.pl\/?post_type=product&#038;p=31018"},"modified":"2026-02-13T09:13:15","modified_gmt":"2026-02-13T08:13:15","slug":"frigomet-bf-600-kanister-20-kg","status":"publish","type":"product","link":"https:\/\/bartech.iftest.pl\/index.php\/produkt\/frigomet-bf-600-kanister-20-kg\/","title":{"rendered":"Frigomet BF 600 [kanister 20 kg]"},"content":{"rendered":"<p><strong>FRIGOMET BF 600<\/strong> to wysoce wydajny, transparentny p\u0142yn obr\u00f3bkowy, kt\u00f3ry nie zawiera olej\u00f3w mineralnych ani syntetycznych. Jest to produkt rozpuszczalny w wodzie, dedykowany do standardowych i \u015brednich proces\u00f3w obr\u00f3bczych, takich jak t\u0142oczenie, wiercenie i frezowanie stali oraz metali nie\u017celaznych. Szczeg\u00f3lnie polecany do specjalistycznych, wymagaj\u0105cych operacji szlifierskich.<\/p>\n<p><strong>Kluczowe zalety:<\/strong><\/p>\n<ul>\n<li>Czysta formu\u0142a: Transparentny p\u0142yn, wolny od olej\u00f3w mineralnych i syntetycznych, a tak\u017ce nie zawiera boru i formaldehyd\u00f3w.<\/li>\n<li>Wszechstronno\u015b\u0107 zastosowa\u0144: Idealny do obr\u00f3bki szlifowania i ci\u0119cia stali, \u017celiwa, metali nie\u017celaznych oraz stop\u00f3w aluminium.<\/li>\n<li>Doskona\u0142e w\u0142a\u015bciwo\u015bci robocze: Charakteryzuje si\u0119 \u015bwietnymi w\u0142a\u015bciwo\u015bciami p\u0142ucz\u0105cymi i zwil\u017caj\u0105cymi, co gwarantuje dok\u0142adne usuwanie opi\u0142k\u00f3w i wi\u00f3r\u00f3w oraz efektywne odprowadzanie ciep\u0142a.<\/li>\n<li>Wysoka stabilno\u015b\u0107 i d\u0142uga \u017cywotno\u015b\u0107 emulsji: Zapewnia d\u0142ugotrwa\u0142e i niezawodne dzia\u0142anie.<\/li>\n<li>Ekonomiczno\u015b\u0107: Niewielkie zu\u017cycie produktu.<\/li>\n<li>\u0141atwa konserwacja: Dobra separacja olej\u00f3w obcych u\u0142atwia utrzymanie systemu w czysto\u015bci.<\/li>\n<li>Ochrona antykorozyjna: Zapewnia dobr\u0105 ochron\u0119 obrabianych detali i maszyn.<\/li>\n<\/ul>\n<p><strong>Spos\u00f3b u\u017cycia:<\/strong><\/p>\n<p>Rekomendowane st\u0119\u017cenie robocze koncentratu w wodzie wynosi od 4% do 8%.<\/p>\n<p><strong>Parametry emulsji (przy 5,0% st\u0119\u017ceniu koncentratu w wodzie):<\/strong><\/p>\n<ul>\n<li>Warto\u015b\u0107 pH: 9,4 (zgodnie z metod\u0105 DIN 51 369)<\/li>\n<li>Test na korozj\u0119: Stopie\u0144 0 przy st\u0119\u017ceniu 3,5% (zgodnie z metod\u0105 DIN 51 360\/2)<\/li>\n<\/ul>\n<p><strong>Przechowywanie:<\/strong><\/p>\n<p>Minimalny okres wa\u017cno\u015bci produktu to 12 miesi\u0119cy, przy przechowywaniu w temperaturze od +10\u00b0C do +30\u00b0C. Szczeg\u00f3\u0142owe informacje dotycz\u0105ce bezpiecze\u0144stwa i higieny pracy dost\u0119pne s\u0105 w karcie charakterystyki produktu.<\/p>\n","protected":false},"excerpt":{"rendered":"<p><strong>FRIGOMET BF 600<\/strong> \u2013 Transparentny, bez olejowy, wysoce wydajny p\u0142yn obr\u00f3bkowy, produkt rozpuszczalny w wodzie.<\/p>\n<p><span style=\"color: #ff0000;\">Cena netto zawiera akcyz\u0119<\/span><\/p>\n","protected":false},"featured_media":31022,"comment_status":"open","ping_status":"closed","template":"","meta":[],"product_brand":[],"product_cat":[85],"product_tag":[],"class_list":{"0":"post-31018","1":"product","2":"type-product","3":"status-publish","4":"has-post-thumbnail","6":"product_cat-roztwory-syntetyczne","8":"first","9":"instock","10":"shipping-taxable","11":"purchasable","12":"product-type-simple"},"_links":{"self":[{"href":"https:\/\/bartech.iftest.pl\/index.php\/wp-json\/wp\/v2\/product\/31018","targetHints":{"allow":["GET"]}}],"collection":[{"href":"https:\/\/bartech.iftest.pl\/index.php\/wp-json\/wp\/v2\/product"}],"about":[{"href":"https:\/\/bartech.iftest.pl\/index.php\/wp-json\/wp\/v2\/types\/product"}],"replies":[{"embeddable":true,"href":"https:\/\/bartech.iftest.pl\/index.php\/wp-json\/wp\/v2\/comments?post=31018"}],"version-history":[{"count":1,"href":"https:\/\/bartech.iftest.pl\/index.php\/wp-json\/wp\/v2\/product\/31018\/revisions"}],"predecessor-version":[{"id":31057,"href":"https:\/\/bartech.iftest.pl\/index.php\/wp-json\/wp\/v2\/product\/31018\/revisions\/31057"}],"wp:featuredmedia":[{"embeddable":true,"href":"https:\/\/bartech.iftest.pl\/index.php\/wp-json\/wp\/v2\/media\/31022"}],"wp:attachment":[{"href":"https:\/\/bartech.iftest.pl\/index.php\/wp-json\/wp\/v2\/media?parent=31018"}],"wp:term":[{"taxonomy":"product_brand","embeddable":true,"href":"https:\/\/bartech.iftest.pl\/index.php\/wp-json\/wp\/v2\/product_brand?post=31018"},{"taxonomy":"product_cat","embeddable":true,"href":"https:\/\/bartech.iftest.pl\/index.php\/wp-json\/wp\/v2\/product_cat?post=31018"},{"taxonomy":"product_tag","embeddable":true,"href":"https:\/\/bartech.iftest.pl\/index.php\/wp-json\/wp\/v2\/product_tag?post=31018"}],"curies":[{"name":"wp","href":"https:\/\/api.w.org\/{rel}","templated":true}]}}