{"id":31021,"date":"2026-02-13T09:12:59","date_gmt":"2026-02-13T08:12:59","guid":{"rendered":"https:\/\/bartech.iftest.pl\/?post_type=product&#038;p=31021"},"modified":"2026-02-13T09:13:15","modified_gmt":"2026-02-13T08:13:15","slug":"microtol-fa-20-kanister-18-kg","status":"publish","type":"product","link":"https:\/\/bartech.iftest.pl\/index.php\/produkt\/microtol-fa-20-kanister-18-kg\/","title":{"rendered":"Microtol FA 20 [kanister 18 kg]"},"content":{"rendered":"<p><strong>MICROTOL FA 20<\/strong> to wysokiej klasy produkt na bazie alkoholi t\u0142uszczowych, stworzony specjalnie do wymagaj\u0105cych proces\u00f3w smarowania minimalnego (MQL). Jest to idealne rozwi\u0105zanie do precyzyjnej obr\u00f3bki wszystkich rodzaj\u00f3w materia\u0142\u00f3w metalowych.<\/p>\n<p><strong>Kluczowe zalety:<\/strong><\/p>\n<ul>\n<li><strong>Wszechstronno\u015b\u0107 materia\u0142owa:<\/strong> Odpowiedni do obr\u00f3bki wszystkich materia\u0142\u00f3w metalowych.<\/li>\n<li><strong>Szeroki zakres zastosowa\u0144:<\/strong> Doskonale sprawdza si\u0119 w r\u00f3\u017cnorodnych procesach, takich jak toczenie, wiercenie, frezowanie czy szlifowanie.<\/li>\n<li><strong>Doskona\u0142e w\u0142a\u015bciwo\u015bci smarne:<\/strong> Zapewnia optymalne smarowanie, minimalizuj\u0105c tarcie i zu\u017cycie narz\u0119dzi.<\/li>\n<li><strong>\u015awietna adhezja:<\/strong> Produkt dobrze przylega do powierzchni, gwarantuj\u0105c ci\u0105g\u0142o\u015b\u0107 filmu smarnego.<\/li>\n<li><strong>Czysto\u015b\u0107 procesu:<\/strong> Wyparowuje, nie pozostawiaj\u0105c osadu na obrabianych elementach ani maszynie.<\/li>\n<li><strong>\u0141atwa aplikacja:<\/strong> Produkt jest \u0142atwy w rozpylaniu.<\/li>\n<li><strong>Doskona\u0142a zmywalno\u015b\u0107:<\/strong> W razie potrzeby resztki produktu mo\u017cna \u0142atwo usun\u0105\u0107.<\/li>\n<\/ul>\n<p><strong>Spos\u00f3b u\u017cycia:<\/strong><\/p>\n<p><strong>Rekomendowane st\u0119\u017cenie:<\/strong> 100% (produkt stosowany bezpo\u015brednio).<\/p>\n<p><strong>Parametry koncentratu:<\/strong><\/p>\n<ul>\n<li>G\u0119sto\u015b\u0107 (20\u00b0C): 837 kg\/m\u00b3<\/li>\n<li>Lepko\u015b\u0107 (40\u00b0C): 21 mm\u00b2\/s<\/li>\n<li>Temperatura zap\u0142onu: 156\u00b0C<\/li>\n<\/ul>\n<p><strong>Przechowywanie:<\/strong><\/p>\n<p>Minimalny okres wa\u017cno\u015bci produktu to 12 miesi\u0119cy, przy przechowywaniu w temperaturze od +10\u00b0C do +30\u00b0C. Szczeg\u00f3\u0142owe informacje dotycz\u0105ce bezpiecze\u0144stwa i higieny pracy dost\u0119pne s\u0105 w karcie charakterystyki produktu.<\/p>\n","protected":false},"excerpt":{"rendered":"<p><strong>MICROTOL FA 20<\/strong> \u2013 Zaawansowane Smarowanie Minimalne (MQL)<\/p>\n","protected":false},"featured_media":31022,"comment_status":"open","ping_status":"closed","template":"","meta":[],"product_brand":[],"product_cat":[86],"product_tag":[],"class_list":{"0":"post-31021","1":"product","2":"type-product","3":"status-publish","4":"has-post-thumbnail","6":"product_cat-oleje-do-minimalnego-smarowania-mms","8":"first","9":"instock","10":"shipping-taxable","11":"purchasable","12":"product-type-simple"},"_links":{"self":[{"href":"https:\/\/bartech.iftest.pl\/index.php\/wp-json\/wp\/v2\/product\/31021","targetHints":{"allow":["GET"]}}],"collection":[{"href":"https:\/\/bartech.iftest.pl\/index.php\/wp-json\/wp\/v2\/product"}],"about":[{"href":"https:\/\/bartech.iftest.pl\/index.php\/wp-json\/wp\/v2\/types\/product"}],"replies":[{"embeddable":true,"href":"https:\/\/bartech.iftest.pl\/index.php\/wp-json\/wp\/v2\/comments?post=31021"}],"version-history":[{"count":1,"href":"https:\/\/bartech.iftest.pl\/index.php\/wp-json\/wp\/v2\/product\/31021\/revisions"}],"predecessor-version":[{"id":31060,"href":"https:\/\/bartech.iftest.pl\/index.php\/wp-json\/wp\/v2\/product\/31021\/revisions\/31060"}],"wp:featuredmedia":[{"embeddable":true,"href":"https:\/\/bartech.iftest.pl\/index.php\/wp-json\/wp\/v2\/media\/31022"}],"wp:attachment":[{"href":"https:\/\/bartech.iftest.pl\/index.php\/wp-json\/wp\/v2\/media?parent=31021"}],"wp:term":[{"taxonomy":"product_brand","embeddable":true,"href":"https:\/\/bartech.iftest.pl\/index.php\/wp-json\/wp\/v2\/product_brand?post=31021"},{"taxonomy":"product_cat","embeddable":true,"href":"https:\/\/bartech.iftest.pl\/index.php\/wp-json\/wp\/v2\/product_cat?post=31021"},{"taxonomy":"product_tag","embeddable":true,"href":"https:\/\/bartech.iftest.pl\/index.php\/wp-json\/wp\/v2\/product_tag?post=31021"}],"curies":[{"name":"wp","href":"https:\/\/api.w.org\/{rel}","templated":true}]}}